{"id":1986,"date":"2026-04-21T13:55:24","date_gmt":"2026-04-21T13:55:24","guid":{"rendered":"https:\/\/pojasni.si\/?page_id=1986"},"modified":"2026-04-22T05:59:44","modified_gmt":"2026-04-22T05:59:44","slug":"ples","status":"publish","type":"page","link":"https:\/\/pojasni.si\/index.php\/ples\/","title":{"rendered":"PLES"},"content":{"rendered":"\n<H1>PLES<\/H1>\nNekaj namigov (po izbiri plesa): <br>\n* Pritisk na gumb -> predvajanje posameznega odseka plesa, obarvane \u010drke. <br> \n* Dvoklik na gumb -> cikli\u010dno predvajanje odseka (angl. Repat), kurzivne + obarvane \u010drke. <br> \n* Tipka <F11> -> pove\u010danje\/zmanj\u0161anje na cel zaslon (angl. Full screen). <br>\n* Z mi\u0161ko ob robu videa le tega pove\u010damo\/pomanj\u0161amo. <br>\n<br>\n\n\n\n<H2><a href=\"https:\/\/pojasni.si\/ples\/dunajskiValcek.html\">DUNAJSKI VAL\u010cEK<\/A><\/H2>\n\n\n\n<H2><a href=\"https:\/\/pojasni.si\/ples\/swing.html\">TECHO SWING<\/A><\/H2>\n\n\n\n<H2><a href=\"https:\/\/pojasni.si\/ples\/polka.html\">POLKA<\/A><\/H2>\n\n\n\n<!-- <iframe loading=\"lazy\" src=\"https:\/\/pojasni.si\/ples\" width=\"100%\" height=\"500\" scrolling=\"yes\" frameborder=\"0\"><\/iframe> -->\n","protected":false},"excerpt":{"rendered":"<p>PLES Nekaj namigov (po izbiri plesa): * Pritisk na gumb -> predvajanje posameznega odseka plesa, obarvane \u010drke. * Dvoklik na gumb -> cikli\u010dno predvajanje odseka (angl. Repat), kurzivne + obarvane \u010drke. * Tipka -> pove\u010danje\/zmanj\u0161anje na cel zaslon (angl. Full screen). * Z mi\u0161ko ob robu videa le tega pove\u010damo\/pomanj\u0161amo. DUNAJSKI VAL\u010cEK TECHO SWING POLKA<\/p>\n","protected":false},"author":1,"featured_media":0,"parent":0,"menu_order":0,"comment_status":"closed","ping_status":"closed","template":"","meta":{"footnotes":""},"class_list":["post-1986","page","type-page","status-publish","hentry"],"_links":{"self":[{"href":"https:\/\/pojasni.si\/index.php\/wp-json\/wp\/v2\/pages\/1986","targetHints":{"allow":["GET"]}}],"collection":[{"href":"https:\/\/pojasni.si\/index.php\/wp-json\/wp\/v2\/pages"}],"about":[{"href":"https:\/\/pojasni.si\/index.php\/wp-json\/wp\/v2\/types\/page"}],"author":[{"embeddable":true,"href":"https:\/\/pojasni.si\/index.php\/wp-json\/wp\/v2\/users\/1"}],"replies":[{"embeddable":true,"href":"https:\/\/pojasni.si\/index.php\/wp-json\/wp\/v2\/comments?post=1986"}],"version-history":[{"count":15,"href":"https:\/\/pojasni.si\/index.php\/wp-json\/wp\/v2\/pages\/1986\/revisions"}],"predecessor-version":[{"id":2010,"href":"https:\/\/pojasni.si\/index.php\/wp-json\/wp\/v2\/pages\/1986\/revisions\/2010"}],"wp:attachment":[{"href":"https:\/\/pojasni.si\/index.php\/wp-json\/wp\/v2\/media?parent=1986"}],"curies":[{"name":"wp","href":"https:\/\/api.w.org\/{rel}","templated":true}]}}