{"id":1935,"date":"2021-06-15T20:48:29","date_gmt":"2021-06-15T20:48:29","guid":{"rendered":"http:\/\/pojasni.si\/?page_id=1935"},"modified":"2021-06-15T20:53:55","modified_gmt":"2021-06-15T20:53:55","slug":"dobrodosli-na-spletni-strani-pojasni-si","status":"publish","type":"page","link":"https:\/\/pojasni.si\/","title":{"rendered":"Dobrodo\u0161li na spletni strani POJASNI.SI"},"content":{"rendered":"\n<p id=\"block-2ff2e2a3-0023-4bcb-87ee-f322889a5c8e\"><br>Stran je zbirka orodij, ki jih uporabljam pri vsakodnevnih ra\u010dunalni\u0161kih in drugih opravilih.<\/p>\n\n\n\n<p id=\"block-e4db5ee0-d8f7-4d0e-89ca-ea1d44478860\">\u010ce vam bo karkoli olaj\u0161alo delo ali vam dalo koristno informacijo, je namen dose\u017een.<\/p>\n\n\n\n<p class=\"has-text-align-left\">Milan Gaber\u0161ek<\/p>\n","protected":false},"excerpt":{"rendered":"<p>Stran je zbirka orodij, ki jih uporabljam pri vsakodnevnih ra\u010dunalni\u0161kih in drugih opravilih. \u010ce vam bo karkoli olaj\u0161alo delo ali vam dalo koristno informacijo, je namen dose\u017een. Milan Gaber\u0161ek<\/p>\n","protected":false},"author":1,"featured_media":0,"parent":0,"menu_order":0,"comment_status":"closed","ping_status":"closed","template":"","meta":{"footnotes":""},"class_list":["post-1935","page","type-page","status-publish","hentry"],"_links":{"self":[{"href":"https:\/\/pojasni.si\/index.php\/wp-json\/wp\/v2\/pages\/1935","targetHints":{"allow":["GET"]}}],"collection":[{"href":"https:\/\/pojasni.si\/index.php\/wp-json\/wp\/v2\/pages"}],"about":[{"href":"https:\/\/pojasni.si\/index.php\/wp-json\/wp\/v2\/types\/page"}],"author":[{"embeddable":true,"href":"https:\/\/pojasni.si\/index.php\/wp-json\/wp\/v2\/users\/1"}],"replies":[{"embeddable":true,"href":"https:\/\/pojasni.si\/index.php\/wp-json\/wp\/v2\/comments?post=1935"}],"version-history":[{"count":4,"href":"https:\/\/pojasni.si\/index.php\/wp-json\/wp\/v2\/pages\/1935\/revisions"}],"predecessor-version":[{"id":1942,"href":"https:\/\/pojasni.si\/index.php\/wp-json\/wp\/v2\/pages\/1935\/revisions\/1942"}],"wp:attachment":[{"href":"https:\/\/pojasni.si\/index.php\/wp-json\/wp\/v2\/media?parent=1935"}],"curies":[{"name":"wp","href":"https:\/\/api.w.org\/{rel}","templated":true}]}}